{"id":19,"date":"2022-12-15T10:29:54","date_gmt":"2022-12-15T10:29:54","guid":{"rendered":"https:\/\/weinimohr.ch\/?page_id=19"},"modified":"2025-12-08T13:49:26","modified_gmt":"2025-12-08T12:49:26","slug":"wir","status":"publish","type":"page","link":"https:\/\/weinimohr.ch\/index.php\/wir\/","title":{"rendered":"Wir"},"content":{"rendered":"\n<p><em>2016 entstand die Idee f\u00fcr \u00abWein im Ohr\u00bb, als sich die Sopranistin Melia Inglin und die<\/em> <em>Pianistin Laura Spichtig an der Hochschule &#8211; Musik in Luzern kennen lernten. Die beiden<\/em> <em>begannen, gemeinsam zu musizieren. Ihren Wunsch nach einem gemeinsamen Projekt<\/em> <em>ausserhalb der Hochschule setzten die beiden 2021 in die Realit\u00e4t um. Hier erz\u00e4hlen<\/em> <em>sie die Entstehungsgeschichte des Projekts \u00abWein im Ohr\u00bb.<\/em><\/p>\n\n\n\n<div style=\"height:20px\" aria-hidden=\"true\" class=\"wp-block-spacer\"><\/div>\n\n\n\n<div class=\"wp-block-columns is-layout-flex wp-container-core-columns-is-layout-9d6595d7 wp-block-columns-is-layout-flex\">\n<div class=\"wp-block-column is-vertically-aligned-center is-layout-flow wp-block-column-is-layout-flow\" style=\"flex-basis:66.66%\">\n<blockquote class=\"wp-block-quote has-normal-font-size is-layout-flow wp-block-quote-is-layout-flow\">\n<p class=\"has-normal-font-size\"><em>Wir wussten, dass uns beide, abgesehen von der Musik, auch eine Vorliebe f\u00fcr Wein<\/em> <em>und genre-\u00fcbergreifende Projekte verbindet.<\/em><\/p>\n<cite>&#8211; Melia Inglin, Gesang<\/cite><\/blockquote>\n<\/div>\n<\/div>\n\n\n\n<div class=\"wp-block-columns is-layout-flex wp-container-core-columns-is-layout-9d6595d7 wp-block-columns-is-layout-flex\">\n<div class=\"wp-block-column is-vertically-aligned-center is-layout-flow wp-block-column-is-layout-flow\" style=\"flex-basis:66.66%\">\n<p><em>\u00abDie Idee, Wein und Musik zu verbinden, faszinierte uns von Anfang an und tut dies<\/em> <em>nach wie vor\u00bb, erz\u00e4hlt Laura Spichtig, die damals im Luzerner Restaurant Bodu<\/em> <em>zusammen mit Sommelier Jason Zuber arbeitete. \u00abJason war von Anfang an begeistert<\/em> <em>von unserem Konzept und durch sein Interesse an klassischer Musik auch perfekt<\/em> <em>geeignet f\u00fcr die Rolle, die wir zu besetzen hatten.\u00bb<\/em><\/p>\n<\/div>\n\n\n\n<div class=\"wp-block-column is-layout-flow wp-block-column-is-layout-flow\" style=\"flex-basis:33.33%\"><\/div>\n<\/div>\n\n\n\n<div class=\"wp-block-group\"><div class=\"wp-block-group__inner-container is-layout-constrained wp-block-group-is-layout-constrained\">\n<div class=\"wp-block-columns is-layout-flex wp-container-core-columns-is-layout-9d6595d7 wp-block-columns-is-layout-flex\">\n<div class=\"wp-block-column is-vertically-aligned-center is-layout-flow wp-block-column-is-layout-flow\" style=\"flex-basis:66.66%\">\n<p><em>W\u00e4hrend sie zu Dritt enthusiastisch an ihrem Konzept feilten, wurde schnell klar, dass<\/em> <em>sie noch nicht komplett waren. Sie wollten f\u00fcr ihr Publikum auch Gastgebende sein, sie<\/em> <em>empfangen, bedienen und sich mit ihnen austauschen k\u00f6nnen. Um dies zu schaffen,<\/em> <em>brauchte es noch zwei weitere helfende H\u00e4nde. Von 2021 bis 2023 waren das die H\u00e4nde des Pianisten David Zehnder und seit 2024 sind das die cellospielenden H\u00e4nde von Emilie Inniger.<\/em><\/p>\n<\/div>\n<\/div>\n<\/div><\/div>\n\n\n\n<div class=\"wp-block-columns is-layout-flex wp-container-core-columns-is-layout-9d6595d7 wp-block-columns-is-layout-flex\">\n<div class=\"wp-block-column is-vertically-aligned-center is-layout-flow wp-block-column-is-layout-flow\" style=\"flex-basis:66.66%\">\n<p><em>Im November 2021 fanden dann die ersten vier \u00abWein im Ohr\u00bb Abende statt. Die<\/em> <em>Konzert- und Degustations-Reihe war so erfolgreich und traf auf so viel Interesse und<\/em> <em>Nachfrage, dass die Gruppe danach beschloss, das Konzept weiterzuentwickeln.<\/em><\/p>\n\n\n\n<p><\/p>\n<\/div>\n\n\n\n<div class=\"wp-block-column is-layout-flow wp-block-column-is-layout-flow\" style=\"flex-basis:33.33%\"><\/div>\n<\/div>\n\n\n\n<div class=\"wp-block-columns is-layout-flex wp-container-core-columns-is-layout-9d6595d7 wp-block-columns-is-layout-flex\">\n<div class=\"wp-block-column is-layout-flow wp-block-column-is-layout-flow\">\n<figure class=\"wp-block-image size-full is-resized\"><img loading=\"lazy\" decoding=\"async\" width=\"1124\" height=\"1600\" src=\"https:\/\/weinimohr.ch\/wp-content\/uploads\/2024\/12\/Melia.jpeg\" alt=\"\" class=\"wp-image-289\" style=\"width:512px;height:768px\" srcset=\"https:\/\/weinimohr.ch\/wp-content\/uploads\/2024\/12\/Melia.jpeg 1124w, https:\/\/weinimohr.ch\/wp-content\/uploads\/2024\/12\/Melia-211x300.jpeg 211w, https:\/\/weinimohr.ch\/wp-content\/uploads\/2024\/12\/Melia-719x1024.jpeg 719w, https:\/\/weinimohr.ch\/wp-content\/uploads\/2024\/12\/Melia-768x1093.jpeg 768w\" sizes=\"auto, (max-width: 1124px) 100vw, 1124px\" \/><\/figure>\n\n\n\n<p>Melia Inglin (1996) ist in Zug geboren und in Baar aufgewachsen. Im Januar 2023 hat sie an der HSLU-Musik den Master of Arts Music Performance mit Bestnote abgeschlossen. Neben ihren solistischen Engagements lanciert sie viele eigene Projekte unterschiedlicher Art. So sang sie im November 2023 die Geiss im zeitgen\u00f6ssischen Singspiel \u201cPitschi\u201d zu Gast bei B\u00fchnen Bern. Dieses Projekt hat sie in Zusammenarbeit mit dem Verein \u201cverlesen\u201d und der Musikschule K\u00f6niz mitgestaltet und war in der Produktionsleitung.<\/p>\n\n\n\n<p>Ihr neugegr\u00fcndete Verein \u201eVISUALES\u201c brachte im November 2025 sein Pilotprojekt \u201eTriodati \u2013 La Damoiselle \u00e9lue\u201c auf die B\u00fchne. Darin verbinden sie klassische Musik mit elektronischen und visuellen Elementen, wodurch ein modernes, zug\u00e4ngliches Format entsteht.<\/p>\n\n\n\n<p>F\u00fcr ihre Arbeit als freischaffende S\u00e4ngerin wurde Melia Inglin im Sommer 2023 ein F\u00f6rderpreis des Kantons Zug gew\u00e4hrt.<\/p>\n\n\n\n<p><a href=\"http:\/\/www.meliainglin.com\/\">www.meliainglin.com<\/a><\/p>\n<\/div>\n\n\n\n<div class=\"wp-block-column is-layout-flow wp-block-column-is-layout-flow\">\n<figure class=\"wp-block-image size-full is-resized\"><img loading=\"lazy\" decoding=\"async\" width=\"683\" height=\"1024\" src=\"https:\/\/weinimohr.ch\/wp-content\/uploads\/2024\/10\/Laura-1.jpg\" alt=\"\" class=\"wp-image-277\" style=\"width:512px;height:768px\" srcset=\"https:\/\/weinimohr.ch\/wp-content\/uploads\/2024\/10\/Laura-1.jpg 683w, https:\/\/weinimohr.ch\/wp-content\/uploads\/2024\/10\/Laura-1-200x300.jpg 200w\" sizes=\"auto, (max-width: 683px) 100vw, 683px\" \/><\/figure>\n\n\n\n<p>Laura Spichtig (1997) ist eine Pianistin aus der Zentralschweiz, die in Den Haag lebt und eigenst\u00e4ndig interdisziplin\u00e4re Projekte auf die B\u00fchne bringt. Im Januar 2024 schloss sie ihren Master of Arts in Music Performance \u2013 Klassisches Klavier in der Klasse von Stefan Wirth mit Minor Kammermusik erfolgreich ab.<\/p>\n\n\n\n<p>W\u00e4hrend ihres Masterstudiums vertiefte Laura Spichtig ihre Leidenschaft f\u00fcr freie Improvisation und arbeitete intensiv mit Magda Mayas am pr\u00e4parierten Klavier. Anschlie\u00dfend schloss sie das CAS in Freier Improvisation an der FHNW Basel unter der Leitung von Andrea Neumann ab. Derzeit absolviert sie am Royal Conservatory in The Hague den Masterstudiengang New Audiences and Innovative Practices, in dem sie ihre interdisziplin\u00e4re k\u00fcnstlerische Arbeit weiterentwickelt.<\/p>\n\n\n\n<p><a href=\"https:\/\/lauraspichtig.ch\/de\/\">www.lauraspichtig.ch<\/a><\/p>\n<\/div>\n<\/div>\n\n\n\n<div class=\"wp-block-columns is-layout-flex wp-container-core-columns-is-layout-9d6595d7 wp-block-columns-is-layout-flex\">\n<div class=\"wp-block-column is-layout-flow wp-block-column-is-layout-flow\">\n<figure class=\"wp-block-image size-full is-resized\"><img loading=\"lazy\" decoding=\"async\" width=\"683\" height=\"1024\" src=\"https:\/\/weinimohr.ch\/wp-content\/uploads\/2024\/10\/Jason.jpg\" alt=\"\" class=\"wp-image-279\" style=\"width:512px;height:768px\" srcset=\"https:\/\/weinimohr.ch\/wp-content\/uploads\/2024\/10\/Jason.jpg 683w, https:\/\/weinimohr.ch\/wp-content\/uploads\/2024\/10\/Jason-200x300.jpg 200w\" sizes=\"auto, (max-width: 683px) 100vw, 683px\" \/><\/figure>\n\n\n\n<p>Jason Zuber (1994) wuchs in der Zentralschweiz auf. Schon als kleines Kind faszinierte ihn die Gastronomie. Grossgeworden im elterlichen Betrieb, wurden schon fr\u00fch seine Weichen gestellt. Immer mehr wurde sein Hobby zum Beruf und seine Faszination zur Passion.<\/p>\n\n\n\n<p>Jason absolviert die Hotelfachschule Luzern. Mittlerweile ist er leidenschaftlicher Gastronom. Als Betriebsleiter der Storchen Weinbar in Luzern ist Wein sein t\u00e4gliches Brot. In seiner Freizeit kocht er gerne f\u00fcr seine Liebsten, liest ein gutes Buch oder vertieft sein Wissen zum Thema Wein. Der Wein zieht sich wie ein roter Faden durch sein Leben und ist ihm ein treuer Weggef\u00e4hrte. Seine Liebe f\u00fcr klassische Musik macht ihn zum perfekten Moderator f\u00fcr \u00abWein im Ohr\u00bb.<\/p>\n<\/div>\n\n\n\n<div class=\"wp-block-column is-layout-flow wp-block-column-is-layout-flow\">\n<figure class=\"wp-block-image size-full is-resized\"><img loading=\"lazy\" decoding=\"async\" width=\"683\" height=\"1024\" src=\"https:\/\/weinimohr.ch\/wp-content\/uploads\/2024\/10\/Emilie.jpg\" alt=\"\" class=\"wp-image-278\" style=\"width:512px;height:768px\" srcset=\"https:\/\/weinimohr.ch\/wp-content\/uploads\/2024\/10\/Emilie.jpg 683w, https:\/\/weinimohr.ch\/wp-content\/uploads\/2024\/10\/Emilie-200x300.jpg 200w\" sizes=\"auto, (max-width: 683px) 100vw, 683px\" \/><\/figure>\n\n\n\n<p>Emilie Inniger (1998) begann schon fr\u00fch eigene Projekte aufzustellen. Auf ihre Eigenproduktion \u201eDa capo Zerlina\u201c (2017) folgte im Herbst 2020 die Oper \u201eGiulio Cesare in Egitto\u201c von H\u00e4ndel und ein Jahr sp\u00e4ter der Kammermusikabend \u201eCatalogue de Fleurs\u201c. Sie ist Gr\u00fcnderin des Vereins \u201cverlesen\u201d, unter dessen Leitung im Herbst 2023 das Singspiel \u201cPitschi\u201d (Musik: Edward Rushton, Libretto: Emilie Inniger) uraufgef\u00fchrt wurde, Mitglied im Kollektiv \u201cAugenlieder\u201d, sowie im Ensemble \u201camaltea\u201d. Im Fr\u00fchling 2024 gr\u00fcndete sie zusammen mit Moritz Achermann das professionelle Vokalensemble \u00abTempo d\u2019affetto\u00bb, welches bereits zwei Konzertabende veranstaltete. <\/p>\n\n\n\n<p>Neben dem Singen schreibt Emilie Texte f\u00fcr Theatergruppen, Singspiele (\u201ePitschi\u201c) und Lieder sowie eigene Gedichtsammlungen. Als Cellistin spielt Emilie in verschiedenen kammermusikalischen Formationen und Orchestern (Bachkollegium Bern, ZJSO u. a.). Im Juni 2022 schloss sie ihren Master Performance bei Simone Durrer-Stock ab und studiert seit diesem Jahr Schulmusik II an der ZHdK. Sie leitet drei Ch\u00f6re. Als Freischaffende will Emilie sich nicht an einen einzelnen Berufszweig binden, sondern sucht nach Ber\u00fchrungspunkten zwischen verschiedenen Sparten, Disziplinen, Stilen, Epochen und \u00c4sthetiken.<\/p>\n\n\n\n<p><a href=\"http:\/\/www.emilieinniger.com\">www.emilieinniger.com<\/a><\/p>\n<\/div>\n<\/div>\n","protected":false},"excerpt":{"rendered":"<p>2016 entstand die Idee f\u00fcr \u00abWein im Ohr\u00bb, als sich die Sopranistin Melia Inglin und die Pianistin Laura Spichtig an der Hochschule &#8211; Musik in &hellip;<\/p>\n","protected":false},"author":1,"featured_media":257,"parent":0,"menu_order":0,"comment_status":"closed","ping_status":"closed","template":"","meta":{"ngg_post_thumbnail":0,"_vp_format_video_url":"","_vp_image_focal_point":[],"footnotes":""},"class_list":["post-19","page","type-page","status-publish","has-post-thumbnail","hentry"],"yoast_head":"<!-- This site is optimized with the Yoast SEO plugin v27.4 - https:\/\/yoast.com\/product\/yoast-seo-wordpress\/ -->\n<title>Wir - Wein im Ohr<\/title>\n<meta name=\"robots\" content=\"index, follow, max-snippet:-1, max-image-preview:large, max-video-preview:-1\" \/>\n<link rel=\"canonical\" href=\"https:\/\/weinimohr.ch\/index.php\/wir\/\" \/>\n<meta property=\"og:locale\" content=\"de_DE\" \/>\n<meta property=\"og:type\" content=\"article\" \/>\n<meta property=\"og:title\" content=\"Wir - Wein im Ohr\" \/>\n<meta property=\"og:description\" content=\"2016 entstand die Idee f\u00fcr \u00abWein im Ohr\u00bb, als sich die Sopranistin Melia Inglin und die Pianistin Laura Spichtig an der Hochschule &#8211; Musik in &hellip;\" \/>\n<meta property=\"og:url\" content=\"https:\/\/weinimohr.ch\/index.php\/wir\/\" \/>\n<meta property=\"og:site_name\" content=\"Wein im Ohr\" \/>\n<meta property=\"article:modified_time\" content=\"2025-12-08T12:49:26+00:00\" \/>\n<meta property=\"og:image\" content=\"https:\/\/weinimohr.ch\/wp-content\/uploads\/2024\/10\/Wir.jpg\" \/>\n\t<meta property=\"og:image:width\" content=\"1920\" \/>\n\t<meta property=\"og:image:height\" content=\"1080\" \/>\n\t<meta property=\"og:image:type\" content=\"image\/jpeg\" \/>\n<meta name=\"twitter:card\" content=\"summary_large_image\" \/>\n<meta name=\"twitter:label1\" content=\"Gesch\u00e4tzte Lesezeit\" \/>\n\t<meta name=\"twitter:data1\" content=\"6\u00a0Minuten\" \/>\n<script type=\"application\/ld+json\" class=\"yoast-schema-graph\">{\"@context\":\"https:\\\/\\\/schema.org\",\"@graph\":[{\"@type\":\"WebPage\",\"@id\":\"https:\\\/\\\/weinimohr.ch\\\/index.php\\\/wir\\\/\",\"url\":\"https:\\\/\\\/weinimohr.ch\\\/index.php\\\/wir\\\/\",\"name\":\"Wir - Wein im Ohr\",\"isPartOf\":{\"@id\":\"https:\\\/\\\/weinimohr.ch\\\/#website\"},\"primaryImageOfPage\":{\"@id\":\"https:\\\/\\\/weinimohr.ch\\\/index.php\\\/wir\\\/#primaryimage\"},\"image\":{\"@id\":\"https:\\\/\\\/weinimohr.ch\\\/index.php\\\/wir\\\/#primaryimage\"},\"thumbnailUrl\":\"https:\\\/\\\/weinimohr.ch\\\/wp-content\\\/uploads\\\/2024\\\/10\\\/Wir.jpg\",\"datePublished\":\"2022-12-15T10:29:54+00:00\",\"dateModified\":\"2025-12-08T12:49:26+00:00\",\"breadcrumb\":{\"@id\":\"https:\\\/\\\/weinimohr.ch\\\/index.php\\\/wir\\\/#breadcrumb\"},\"inLanguage\":\"de-CH\",\"potentialAction\":[{\"@type\":\"ReadAction\",\"target\":[\"https:\\\/\\\/weinimohr.ch\\\/index.php\\\/wir\\\/\"]}]},{\"@type\":\"ImageObject\",\"inLanguage\":\"de-CH\",\"@id\":\"https:\\\/\\\/weinimohr.ch\\\/index.php\\\/wir\\\/#primaryimage\",\"url\":\"https:\\\/\\\/weinimohr.ch\\\/wp-content\\\/uploads\\\/2024\\\/10\\\/Wir.jpg\",\"contentUrl\":\"https:\\\/\\\/weinimohr.ch\\\/wp-content\\\/uploads\\\/2024\\\/10\\\/Wir.jpg\",\"width\":1920,\"height\":1080},{\"@type\":\"BreadcrumbList\",\"@id\":\"https:\\\/\\\/weinimohr.ch\\\/index.php\\\/wir\\\/#breadcrumb\",\"itemListElement\":[{\"@type\":\"ListItem\",\"position\":1,\"name\":\"Startseite\",\"item\":\"https:\\\/\\\/weinimohr.ch\\\/\"},{\"@type\":\"ListItem\",\"position\":2,\"name\":\"Wir\"}]},{\"@type\":\"WebSite\",\"@id\":\"https:\\\/\\\/weinimohr.ch\\\/#website\",\"url\":\"https:\\\/\\\/weinimohr.ch\\\/\",\"name\":\"Wein im Ohr\",\"description\":\"\",\"publisher\":{\"@id\":\"https:\\\/\\\/weinimohr.ch\\\/#organization\"},\"potentialAction\":[{\"@type\":\"SearchAction\",\"target\":{\"@type\":\"EntryPoint\",\"urlTemplate\":\"https:\\\/\\\/weinimohr.ch\\\/?s={search_term_string}\"},\"query-input\":{\"@type\":\"PropertyValueSpecification\",\"valueRequired\":true,\"valueName\":\"search_term_string\"}}],\"inLanguage\":\"de-CH\"},{\"@type\":\"Organization\",\"@id\":\"https:\\\/\\\/weinimohr.ch\\\/#organization\",\"name\":\"Wein im Ohr\",\"url\":\"https:\\\/\\\/weinimohr.ch\\\/\",\"logo\":{\"@type\":\"ImageObject\",\"inLanguage\":\"de-CH\",\"@id\":\"https:\\\/\\\/weinimohr.ch\\\/#\\\/schema\\\/logo\\\/image\\\/\",\"url\":\"https:\\\/\\\/weinimohr.ch\\\/wp-content\\\/uploads\\\/2023\\\/02\\\/202208_Pikto_weiss_sm.png\",\"contentUrl\":\"https:\\\/\\\/weinimohr.ch\\\/wp-content\\\/uploads\\\/2023\\\/02\\\/202208_Pikto_weiss_sm.png\",\"width\":1506,\"height\":2000,\"caption\":\"Wein im Ohr\"},\"image\":{\"@id\":\"https:\\\/\\\/weinimohr.ch\\\/#\\\/schema\\\/logo\\\/image\\\/\"}}]}<\/script>\n<!-- \/ Yoast SEO plugin. -->","yoast_head_json":{"title":"Wir - Wein im Ohr","robots":{"index":"index","follow":"follow","max-snippet":"max-snippet:-1","max-image-preview":"max-image-preview:large","max-video-preview":"max-video-preview:-1"},"canonical":"https:\/\/weinimohr.ch\/index.php\/wir\/","og_locale":"de_DE","og_type":"article","og_title":"Wir - Wein im Ohr","og_description":"2016 entstand die Idee f\u00fcr \u00abWein im Ohr\u00bb, als sich die Sopranistin Melia Inglin und die Pianistin Laura Spichtig an der Hochschule &#8211; Musik in &hellip;","og_url":"https:\/\/weinimohr.ch\/index.php\/wir\/","og_site_name":"Wein im Ohr","article_modified_time":"2025-12-08T12:49:26+00:00","og_image":[{"width":1920,"height":1080,"url":"https:\/\/weinimohr.ch\/wp-content\/uploads\/2024\/10\/Wir.jpg","type":"image\/jpeg"}],"twitter_card":"summary_large_image","twitter_misc":{"Gesch\u00e4tzte Lesezeit":"6\u00a0Minuten"},"schema":{"@context":"https:\/\/schema.org","@graph":[{"@type":"WebPage","@id":"https:\/\/weinimohr.ch\/index.php\/wir\/","url":"https:\/\/weinimohr.ch\/index.php\/wir\/","name":"Wir - Wein im Ohr","isPartOf":{"@id":"https:\/\/weinimohr.ch\/#website"},"primaryImageOfPage":{"@id":"https:\/\/weinimohr.ch\/index.php\/wir\/#primaryimage"},"image":{"@id":"https:\/\/weinimohr.ch\/index.php\/wir\/#primaryimage"},"thumbnailUrl":"https:\/\/weinimohr.ch\/wp-content\/uploads\/2024\/10\/Wir.jpg","datePublished":"2022-12-15T10:29:54+00:00","dateModified":"2025-12-08T12:49:26+00:00","breadcrumb":{"@id":"https:\/\/weinimohr.ch\/index.php\/wir\/#breadcrumb"},"inLanguage":"de-CH","potentialAction":[{"@type":"ReadAction","target":["https:\/\/weinimohr.ch\/index.php\/wir\/"]}]},{"@type":"ImageObject","inLanguage":"de-CH","@id":"https:\/\/weinimohr.ch\/index.php\/wir\/#primaryimage","url":"https:\/\/weinimohr.ch\/wp-content\/uploads\/2024\/10\/Wir.jpg","contentUrl":"https:\/\/weinimohr.ch\/wp-content\/uploads\/2024\/10\/Wir.jpg","width":1920,"height":1080},{"@type":"BreadcrumbList","@id":"https:\/\/weinimohr.ch\/index.php\/wir\/#breadcrumb","itemListElement":[{"@type":"ListItem","position":1,"name":"Startseite","item":"https:\/\/weinimohr.ch\/"},{"@type":"ListItem","position":2,"name":"Wir"}]},{"@type":"WebSite","@id":"https:\/\/weinimohr.ch\/#website","url":"https:\/\/weinimohr.ch\/","name":"Wein im Ohr","description":"","publisher":{"@id":"https:\/\/weinimohr.ch\/#organization"},"potentialAction":[{"@type":"SearchAction","target":{"@type":"EntryPoint","urlTemplate":"https:\/\/weinimohr.ch\/?s={search_term_string}"},"query-input":{"@type":"PropertyValueSpecification","valueRequired":true,"valueName":"search_term_string"}}],"inLanguage":"de-CH"},{"@type":"Organization","@id":"https:\/\/weinimohr.ch\/#organization","name":"Wein im Ohr","url":"https:\/\/weinimohr.ch\/","logo":{"@type":"ImageObject","inLanguage":"de-CH","@id":"https:\/\/weinimohr.ch\/#\/schema\/logo\/image\/","url":"https:\/\/weinimohr.ch\/wp-content\/uploads\/2023\/02\/202208_Pikto_weiss_sm.png","contentUrl":"https:\/\/weinimohr.ch\/wp-content\/uploads\/2023\/02\/202208_Pikto_weiss_sm.png","width":1506,"height":2000,"caption":"Wein im Ohr"},"image":{"@id":"https:\/\/weinimohr.ch\/#\/schema\/logo\/image\/"}}]}},"jetpack_sharing_enabled":true,"_links":{"self":[{"href":"https:\/\/weinimohr.ch\/index.php\/wp-json\/wp\/v2\/pages\/19","targetHints":{"allow":["GET"]}}],"collection":[{"href":"https:\/\/weinimohr.ch\/index.php\/wp-json\/wp\/v2\/pages"}],"about":[{"href":"https:\/\/weinimohr.ch\/index.php\/wp-json\/wp\/v2\/types\/page"}],"author":[{"embeddable":true,"href":"https:\/\/weinimohr.ch\/index.php\/wp-json\/wp\/v2\/users\/1"}],"replies":[{"embeddable":true,"href":"https:\/\/weinimohr.ch\/index.php\/wp-json\/wp\/v2\/comments?post=19"}],"version-history":[{"count":34,"href":"https:\/\/weinimohr.ch\/index.php\/wp-json\/wp\/v2\/pages\/19\/revisions"}],"predecessor-version":[{"id":446,"href":"https:\/\/weinimohr.ch\/index.php\/wp-json\/wp\/v2\/pages\/19\/revisions\/446"}],"wp:featuredmedia":[{"embeddable":true,"href":"https:\/\/weinimohr.ch\/index.php\/wp-json\/wp\/v2\/media\/257"}],"wp:attachment":[{"href":"https:\/\/weinimohr.ch\/index.php\/wp-json\/wp\/v2\/media?parent=19"}],"curies":[{"name":"wp","href":"https:\/\/api.w.org\/{rel}","templated":true}]}}